{"id":5101,"date":"2026-01-29T10:23:25","date_gmt":"2026-01-29T13:23:25","guid":{"rendered":"https:\/\/mhautomotores.com.ar\/compare-page\/"},"modified":"2026-01-29T10:23:25","modified_gmt":"2026-01-29T13:23:25","slug":"compare-page","status":"publish","type":"page","link":"https:\/\/mhautomotores.com.ar\/?page_id=5101","title":{"rendered":"Compare page"},"content":{"rendered":"\n<div class=\"container\">\n\t\t\t<div class=\"row row-4 car-listing-row stm-car-compare-row stm-no-cars\">\n\t\t\t<div class=\"col-md-3 col-sm-3\">\n\t\t\t\t<h2 class=\"compare-title\">\n\t\t\t\t\tComparar veh\u00edculos\t\t\t\t<\/h2>\n\t\t\t\t<div class=\"colored-separator text-left\">\n\t\t\t\t\t\t\t\t\t\t\t<div class=\"first-long\"><\/div>\n\t\t\t\t\t\t<div class=\"last-short\"><\/div>\n\t\t\t\t\t\t\t\t\t<\/div>\n\t\t\t<\/div>\n\t\t\t\t\t\t\t<div class=\"col-md-3 col-sm-3 col-xs-4 compare-col-stm-empty\">\n\t\t\t\t\t<a href=\"https:\/\/mhautomotores.com.ar\/?page_id=1036\">\n\t\t\t\t\t\t<div class=\"image\">\n\t\t\t\t\t\t\t<i class=\"stm-icon-add_car\"><\/i>\n\t\t\t\t\t\t\t<img class=\"stm-compare-empty\"\n\t\t\t\t\t\t\t\tsrc=\"https:\/\/mhautomotores.com.ar\/wp-content\/themes\/motors-child\/assets\/images\/compare-empty.jpg\"\n\t\t\t\t\t\t\t\talt=\"Vac\u00edo\"\/>\n\t\t\t\t\t\t<\/div>\n\t\t\t\t\t\t<div class=\"h5\">A\u00f1adir coche para comparar<\/div>\n\t\t\t\t\t<\/a>\n\t\t\t\t<\/div>\n\t\t\t\t\t\t\t<div class=\"col-md-3 col-sm-3 col-xs-4 compare-col-stm-empty\">\n\t\t\t\t\t<a href=\"https:\/\/mhautomotores.com.ar\/?page_id=1036\">\n\t\t\t\t\t\t<div class=\"image\">\n\t\t\t\t\t\t\t<i class=\"stm-icon-add_car\"><\/i>\n\t\t\t\t\t\t\t<img class=\"stm-compare-empty\"\n\t\t\t\t\t\t\t\tsrc=\"https:\/\/mhautomotores.com.ar\/wp-content\/themes\/motors-child\/assets\/images\/compare-empty.jpg\"\n\t\t\t\t\t\t\t\talt=\"Vac\u00edo\"\/>\n\t\t\t\t\t\t<\/div>\n\t\t\t\t\t\t<div class=\"h5\">A\u00f1adir coche para comparar<\/div>\n\t\t\t\t\t<\/a>\n\t\t\t\t<\/div>\n\t\t\t\t\t\t\t<div class=\"col-md-3 col-sm-3 col-xs-4 compare-col-stm-empty\">\n\t\t\t\t\t<a href=\"https:\/\/mhautomotores.com.ar\/?page_id=1036\">\n\t\t\t\t\t\t<div class=\"image\">\n\t\t\t\t\t\t\t<i class=\"stm-icon-add_car\"><\/i>\n\t\t\t\t\t\t\t<img class=\"stm-compare-empty\"\n\t\t\t\t\t\t\t\tsrc=\"https:\/\/mhautomotores.com.ar\/wp-content\/themes\/motors-child\/assets\/images\/compare-empty.jpg\"\n\t\t\t\t\t\t\t\talt=\"Vac\u00edo\"\/>\n\t\t\t\t\t\t<\/div>\n\t\t\t\t\t\t<div class=\"h5\">A\u00f1adir coche para comparar<\/div>\n\t\t\t\t\t<\/a>\n\t\t\t\t<\/div>\n\t\t\t\t\t<\/div> <!--row-->\n\t\t<div class=\"row row-4 stm-compare-row hidden-xs\">\n\t\t\t<div class=\"col-md-3 col-sm-3 col-xs-4 hidden-xs\">\n\t\t\t\t\t\t\t\t\t<div class=\"compare-options\">\n\t\t\t\t\t\t<table>\n\t\t\t\t\t\t\t\t\t\t\t\t\t\t\t\t\t\t\t\t\t\t\t\t<tr>\n\t\t\t\t\t\t\t\t\t\t\t\t\t\t\t\t\t\t\t\t<td class=\"compare-value-hover compare-value-condition\"\n\t\t\t\t\t\t\t\t\t\t\tdata-value=\"compare-value-condition\">\n\t\t\t\t\t\t\t\t\t\t\tCondici\u00f3n\t\t\t\t\t\t\t\t\t\t<\/td>\n\t\t\t\t\t\t\t\t\t<\/tr>\n\t\t\t\t\t\t\t\t\t\t\t\t\t\t\t\t\t\t\t\t\t\t\t\t\t\t\t\t\t\t\t\t<tr>\n\t\t\t\t\t\t\t\t\t\t\t\t\t\t\t\t\t\t\t\t<td class=\"compare-value-hover compare-value-body\"\n\t\t\t\t\t\t\t\t\t\t\tdata-value=\"compare-value-body\">\n\t\t\t\t\t\t\t\t\t\t\tTipo\t\t\t\t\t\t\t\t\t\t<\/td>\n\t\t\t\t\t\t\t\t\t<\/tr>\n\t\t\t\t\t\t\t\t\t\t\t\t\t\t\t\t\t\t\t\t\t\t\t\t\t\t\t\t\t\t\t\t<tr>\n\t\t\t\t\t\t\t\t\t\t\t\t\t\t\t\t\t\t\t\t<td class=\"compare-value-hover compare-value-make\"\n\t\t\t\t\t\t\t\t\t\t\tdata-value=\"compare-value-make\">\n\t\t\t\t\t\t\t\t\t\t\tMarca\t\t\t\t\t\t\t\t\t\t<\/td>\n\t\t\t\t\t\t\t\t\t<\/tr>\n\t\t\t\t\t\t\t\t\t\t\t\t\t\t\t\t\t\t\t\t\t\t\t\t\t\t\t\t\t\t\t\t<tr>\n\t\t\t\t\t\t\t\t\t\t\t\t\t\t\t\t\t\t\t\t<td class=\"compare-value-hover compare-value-serie\"\n\t\t\t\t\t\t\t\t\t\t\tdata-value=\"compare-value-serie\">\n\t\t\t\t\t\t\t\t\t\t\tModelo\t\t\t\t\t\t\t\t\t\t<\/td>\n\t\t\t\t\t\t\t\t\t<\/tr>\n\t\t\t\t\t\t\t\t\t\t\t\t\t\t\t\t\t\t\t\t\t\t\t\t\t\t\t\t\t\t\t\t<tr>\n\t\t\t\t\t\t\t\t\t\t\t\t\t\t\t\t\t\t\t\t<td class=\"compare-value-hover compare-value-mileage\"\n\t\t\t\t\t\t\t\t\t\t\tdata-value=\"compare-value-mileage\">\n\t\t\t\t\t\t\t\t\t\t\tKil\u00f3metro\t\t\t\t\t\t\t\t\t\t<\/td>\n\t\t\t\t\t\t\t\t\t<\/tr>\n\t\t\t\t\t\t\t\t\t\t\t\t\t\t\t\t\t\t\t\t\t\t\t\t\t\t\t\t\t\t\t\t<tr>\n\t\t\t\t\t\t\t\t\t\t\t\t\t\t\t\t\t\t\t\t<td class=\"compare-value-hover compare-value-fuel\"\n\t\t\t\t\t\t\t\t\t\t\tdata-value=\"compare-value-fuel\">\n\t\t\t\t\t\t\t\t\t\t\tCombustible\t\t\t\t\t\t\t\t\t\t<\/td>\n\t\t\t\t\t\t\t\t\t<\/tr>\n\t\t\t\t\t\t\t\t\t\t\t\t\t\t\t\t\t\t\t\t\t\t\t\t\t\t\t\t\t\t\t\t<tr>\n\t\t\t\t\t\t\t\t\t\t\t\t\t\t\t\t\t\t\t\t<td class=\"compare-value-hover compare-value-engine\"\n\t\t\t\t\t\t\t\t\t\t\tdata-value=\"compare-value-engine\">\n\t\t\t\t\t\t\t\t\t\t\tMotor\t\t\t\t\t\t\t\t\t\t<\/td>\n\t\t\t\t\t\t\t\t\t<\/tr>\n\t\t\t\t\t\t\t\t\t\t\t\t\t\t\t\t\t\t\t\t\t\t\t\t\t\t\t\t\t\t\t\t<tr>\n\t\t\t\t\t\t\t\t\t\t\t\t\t\t\t\t\t\t\t\t<td class=\"compare-value-hover compare-value-ca-year\"\n\t\t\t\t\t\t\t\t\t\t\tdata-value=\"compare-value-ca-year\">\n\t\t\t\t\t\t\t\t\t\t\tA\u00f1o\t\t\t\t\t\t\t\t\t\t<\/td>\n\t\t\t\t\t\t\t\t\t<\/tr>\n\t\t\t\t\t\t\t\t\t\t\t\t\t\t\t\t\t\t\t\t\t\t\t\t\t\t\t\t\t\t\t\t<tr>\n\t\t\t\t\t\t\t\t\t\t\t\t\t\t\t\t\t\t\t\t<td class=\"compare-value-hover compare-value-transmission\"\n\t\t\t\t\t\t\t\t\t\t\tdata-value=\"compare-value-transmission\">\n\t\t\t\t\t\t\t\t\t\t\tTransmisi\u00f3n\t\t\t\t\t\t\t\t\t\t<\/td>\n\t\t\t\t\t\t\t\t\t<\/tr>\n\t\t\t\t\t\t\t\t\t\t\t\t\t\t\t\t\t\t\t\t\t\t\t\t\t\t\t\t\t\t\t\t<tr>\n\t\t\t\t\t\t\t\t\t\t\t\t\t\t\t\t\t\t\t\t<td class=\"compare-value-hover compare-value-exterior-color\"\n\t\t\t\t\t\t\t\t\t\t\tdata-value=\"compare-value-exterior-color\">\n\t\t\t\t\t\t\t\t\t\t\tColor\t\t\t\t\t\t\t\t\t\t<\/td>\n\t\t\t\t\t\t\t\t\t<\/tr>\n\t\t\t\t\t\t\t\t\t\t\t\t\t\t\t\t\t\t\t\t\t<\/table>\n\t\t\t\t\t<\/div>\n\t\t\t\t\t\t\t<\/div>\n\t\t\t\t\t\t\t\t\t\t\t\t<div class=\"col-md-3 col-sm-3 col-xs-4\">\n\t\t\t\t\t\t<div class=\"compare-options\">\n\t\t\t\t\t\t\t<table>\n\t\t\t\t\t\t\t\t\t\t\t\t\t\t\t\t\t\t\t\t\t\t\t\t\t\t\t<tr>\n\t\t\t\t\t\t\t\t\t\t\t<td>&nbsp;<\/td>\n\t\t\t\t\t\t\t\t\t\t<\/tr>\n\t\t\t\t\t\t\t\t\t\t\t\t\t\t\t\t\t\t\t\t\t\t\t\t\t\t\t\t\t\t\t\t\t\t\t\t<tr>\n\t\t\t\t\t\t\t\t\t\t\t<td>&nbsp;<\/td>\n\t\t\t\t\t\t\t\t\t\t<\/tr>\n\t\t\t\t\t\t\t\t\t\t\t\t\t\t\t\t\t\t\t\t\t\t\t\t\t\t\t\t\t\t\t\t\t\t\t\t<tr>\n\t\t\t\t\t\t\t\t\t\t\t<td>&nbsp;<\/td>\n\t\t\t\t\t\t\t\t\t\t<\/tr>\n\t\t\t\t\t\t\t\t\t\t\t\t\t\t\t\t\t\t\t\t\t\t\t\t\t\t\t\t\t\t\t\t\t\t\t\t<tr>\n\t\t\t\t\t\t\t\t\t\t\t<td>&nbsp;<\/td>\n\t\t\t\t\t\t\t\t\t\t<\/tr>\n\t\t\t\t\t\t\t\t\t\t\t\t\t\t\t\t\t\t\t\t\t\t\t\t\t\t\t\t\t\t\t\t\t\t\t\t<tr>\n\t\t\t\t\t\t\t\t\t\t\t<td>&nbsp;<\/td>\n\t\t\t\t\t\t\t\t\t\t<\/tr>\n\t\t\t\t\t\t\t\t\t\t\t\t\t\t\t\t\t\t\t\t\t\t\t\t\t\t\t\t\t\t\t\t\t\t\t\t<tr>\n\t\t\t\t\t\t\t\t\t\t\t<td>&nbsp;<\/td>\n\t\t\t\t\t\t\t\t\t\t<\/tr>\n\t\t\t\t\t\t\t\t\t\t\t\t\t\t\t\t\t\t\t\t\t\t\t\t\t\t\t\t\t\t\t\t\t\t\t\t<tr>\n\t\t\t\t\t\t\t\t\t\t\t<td>&nbsp;<\/td>\n\t\t\t\t\t\t\t\t\t\t<\/tr>\n\t\t\t\t\t\t\t\t\t\t\t\t\t\t\t\t\t\t\t\t\t\t\t\t\t\t\t\t\t\t\t\t\t\t\t\t<tr>\n\t\t\t\t\t\t\t\t\t\t\t<td>&nbsp;<\/td>\n\t\t\t\t\t\t\t\t\t\t<\/tr>\n\t\t\t\t\t\t\t\t\t\t\t\t\t\t\t\t\t\t\t\t\t\t\t\t\t\t\t\t\t\t\t\t\t\t\t\t<tr>\n\t\t\t\t\t\t\t\t\t\t\t<td>&nbsp;<\/td>\n\t\t\t\t\t\t\t\t\t\t<\/tr>\n\t\t\t\t\t\t\t\t\t\t\t\t\t\t\t\t\t\t\t\t\t\t\t\t\t\t\t\t\t\t\t\t\t\t\t\t<tr>\n\t\t\t\t\t\t\t\t\t\t\t<td>&nbsp;<\/td>\n\t\t\t\t\t\t\t\t\t\t<\/tr>\n\t\t\t\t\t\t\t\t\t\t\t\t\t\t\t\t\t\t\t\t\t\t\t\t<\/table>\n\t\t\t\t\t\t<\/div>\n\t\t\t\t\t<\/div>\n\t\t\t\t\t\t\t\t\t\t\t\t\t\t\t\t<div class=\"col-md-3 col-sm-3 col-xs-4\">\n\t\t\t\t\t\t<div class=\"compare-options\">\n\t\t\t\t\t\t\t<table>\n\t\t\t\t\t\t\t\t\t\t\t\t\t\t\t\t\t\t\t\t\t\t\t\t\t\t\t<tr>\n\t\t\t\t\t\t\t\t\t\t\t<td>&nbsp;<\/td>\n\t\t\t\t\t\t\t\t\t\t<\/tr>\n\t\t\t\t\t\t\t\t\t\t\t\t\t\t\t\t\t\t\t\t\t\t\t\t\t\t\t\t\t\t\t\t\t\t\t\t<tr>\n\t\t\t\t\t\t\t\t\t\t\t<td>&nbsp;<\/td>\n\t\t\t\t\t\t\t\t\t\t<\/tr>\n\t\t\t\t\t\t\t\t\t\t\t\t\t\t\t\t\t\t\t\t\t\t\t\t\t\t\t\t\t\t\t\t\t\t\t\t<tr>\n\t\t\t\t\t\t\t\t\t\t\t<td>&nbsp;<\/td>\n\t\t\t\t\t\t\t\t\t\t<\/tr>\n\t\t\t\t\t\t\t\t\t\t\t\t\t\t\t\t\t\t\t\t\t\t\t\t\t\t\t\t\t\t\t\t\t\t\t\t<tr>\n\t\t\t\t\t\t\t\t\t\t\t<td>&nbsp;<\/td>\n\t\t\t\t\t\t\t\t\t\t<\/tr>\n\t\t\t\t\t\t\t\t\t\t\t\t\t\t\t\t\t\t\t\t\t\t\t\t\t\t\t\t\t\t\t\t\t\t\t\t<tr>\n\t\t\t\t\t\t\t\t\t\t\t<td>&nbsp;<\/td>\n\t\t\t\t\t\t\t\t\t\t<\/tr>\n\t\t\t\t\t\t\t\t\t\t\t\t\t\t\t\t\t\t\t\t\t\t\t\t\t\t\t\t\t\t\t\t\t\t\t\t<tr>\n\t\t\t\t\t\t\t\t\t\t\t<td>&nbsp;<\/td>\n\t\t\t\t\t\t\t\t\t\t<\/tr>\n\t\t\t\t\t\t\t\t\t\t\t\t\t\t\t\t\t\t\t\t\t\t\t\t\t\t\t\t\t\t\t\t\t\t\t\t<tr>\n\t\t\t\t\t\t\t\t\t\t\t<td>&nbsp;<\/td>\n\t\t\t\t\t\t\t\t\t\t<\/tr>\n\t\t\t\t\t\t\t\t\t\t\t\t\t\t\t\t\t\t\t\t\t\t\t\t\t\t\t\t\t\t\t\t\t\t\t\t<tr>\n\t\t\t\t\t\t\t\t\t\t\t<td>&nbsp;<\/td>\n\t\t\t\t\t\t\t\t\t\t<\/tr>\n\t\t\t\t\t\t\t\t\t\t\t\t\t\t\t\t\t\t\t\t\t\t\t\t\t\t\t\t\t\t\t\t\t\t\t\t<tr>\n\t\t\t\t\t\t\t\t\t\t\t<td>&nbsp;<\/td>\n\t\t\t\t\t\t\t\t\t\t<\/tr>\n\t\t\t\t\t\t\t\t\t\t\t\t\t\t\t\t\t\t\t\t\t\t\t\t\t\t\t\t\t\t\t\t\t\t\t\t<tr>\n\t\t\t\t\t\t\t\t\t\t\t<td>&nbsp;<\/td>\n\t\t\t\t\t\t\t\t\t\t<\/tr>\n\t\t\t\t\t\t\t\t\t\t\t\t\t\t\t\t\t\t\t\t\t\t\t\t<\/table>\n\t\t\t\t\t\t<\/div>\n\t\t\t\t\t<\/div>\n\t\t\t\t\t\t\t\t\t\t\t\t\t\t\t\t<div class=\"col-md-3 col-sm-3 col-xs-4\">\n\t\t\t\t\t\t<div class=\"compare-options\">\n\t\t\t\t\t\t\t<table>\n\t\t\t\t\t\t\t\t\t\t\t\t\t\t\t\t\t\t\t\t\t\t\t\t\t\t\t<tr>\n\t\t\t\t\t\t\t\t\t\t\t<td>&nbsp;<\/td>\n\t\t\t\t\t\t\t\t\t\t<\/tr>\n\t\t\t\t\t\t\t\t\t\t\t\t\t\t\t\t\t\t\t\t\t\t\t\t\t\t\t\t\t\t\t\t\t\t\t\t<tr>\n\t\t\t\t\t\t\t\t\t\t\t<td>&nbsp;<\/td>\n\t\t\t\t\t\t\t\t\t\t<\/tr>\n\t\t\t\t\t\t\t\t\t\t\t\t\t\t\t\t\t\t\t\t\t\t\t\t\t\t\t\t\t\t\t\t\t\t\t\t<tr>\n\t\t\t\t\t\t\t\t\t\t\t<td>&nbsp;<\/td>\n\t\t\t\t\t\t\t\t\t\t<\/tr>\n\t\t\t\t\t\t\t\t\t\t\t\t\t\t\t\t\t\t\t\t\t\t\t\t\t\t\t\t\t\t\t\t\t\t\t\t<tr>\n\t\t\t\t\t\t\t\t\t\t\t<td>&nbsp;<\/td>\n\t\t\t\t\t\t\t\t\t\t<\/tr>\n\t\t\t\t\t\t\t\t\t\t\t\t\t\t\t\t\t\t\t\t\t\t\t\t\t\t\t\t\t\t\t\t\t\t\t\t<tr>\n\t\t\t\t\t\t\t\t\t\t\t<td>&nbsp;<\/td>\n\t\t\t\t\t\t\t\t\t\t<\/tr>\n\t\t\t\t\t\t\t\t\t\t\t\t\t\t\t\t\t\t\t\t\t\t\t\t\t\t\t\t\t\t\t\t\t\t\t\t<tr>\n\t\t\t\t\t\t\t\t\t\t\t<td>&nbsp;<\/td>\n\t\t\t\t\t\t\t\t\t\t<\/tr>\n\t\t\t\t\t\t\t\t\t\t\t\t\t\t\t\t\t\t\t\t\t\t\t\t\t\t\t\t\t\t\t\t\t\t\t\t<tr>\n\t\t\t\t\t\t\t\t\t\t\t<td>&nbsp;<\/td>\n\t\t\t\t\t\t\t\t\t\t<\/tr>\n\t\t\t\t\t\t\t\t\t\t\t\t\t\t\t\t\t\t\t\t\t\t\t\t\t\t\t\t\t\t\t\t\t\t\t\t<tr>\n\t\t\t\t\t\t\t\t\t\t\t<td>&nbsp;<\/td>\n\t\t\t\t\t\t\t\t\t\t<\/tr>\n\t\t\t\t\t\t\t\t\t\t\t\t\t\t\t\t\t\t\t\t\t\t\t\t\t\t\t\t\t\t\t\t\t\t\t\t<tr>\n\t\t\t\t\t\t\t\t\t\t\t<td>&nbsp;<\/td>\n\t\t\t\t\t\t\t\t\t\t<\/tr>\n\t\t\t\t\t\t\t\t\t\t\t\t\t\t\t\t\t\t\t\t\t\t\t\t\t\t\t\t\t\t\t\t\t\t\t\t<tr>\n\t\t\t\t\t\t\t\t\t\t\t<td>&nbsp;<\/td>\n\t\t\t\t\t\t\t\t\t\t<\/tr>\n\t\t\t\t\t\t\t\t\t\t\t\t\t\t\t\t\t\t\t\t\t\t\t\t<\/table>\n\t\t\t\t\t\t<\/div>\n\t\t\t\t\t<\/div>\n\t\t\t\t\t\t\t\t\t<\/div> <!--row-->\n\t\n\t<!--Additional features-->\n\t<\/div>\n\n\n<div class=\"compare-empty-car-top\">\n\t<div class=\"col-md-3 col-sm-3 col-xs-4 compare-col-stm-empty\">\n\t\t<a href=\"https:\/\/mhautomotores.com.ar\/?page_id=1036\">\n\t\t\t<div class=\"image\">\n\t\t\t\t<i class=\"stm-icon-add_car\"><\/i>\n\t\t\t\t<img class=\"stm-compare-empty\"\n\t\t\t\t\tsrc=\"https:\/\/mhautomotores.com.ar\/wp-content\/themes\/motors-child\/assets\/images\/compare-empty.jpg\"\n\t\t\t\t\talt=\"Vac\u00edo\"\/>\n\t\t\t<\/div>\n\t\t\t<div class=\"h5\">A\u00f1adir coche para comparar<\/div>\n\t\t<\/a>\n\t<\/div>\n<\/div>\n\n<div class=\"compare-empty-car-bottom\">\n\t\t\t<div class=\"col-md-3 col-sm-3 col-xs-4 hidden-xs\">\n\t\t\t<div class=\"compare-options\">\n\t\t\t\t<table>\n\t\t\t\t\t\t\t\t\t\t\t\t\t\t\t\t\t\t<tr>\n\t\t\t\t\t\t\t\t<td class=\"compare-value-hover\">&nbsp;<\/td>\n\t\t\t\t\t\t\t<\/tr>\n\t\t\t\t\t\t\t\t\t\t\t\t\t\t\t\t\t\t\t\t\t\t\t\t<tr>\n\t\t\t\t\t\t\t\t<td class=\"compare-value-hover\">&nbsp;<\/td>\n\t\t\t\t\t\t\t<\/tr>\n\t\t\t\t\t\t\t\t\t\t\t\t\t\t\t\t\t\t\t\t\t\t\t\t<tr>\n\t\t\t\t\t\t\t\t<td class=\"compare-value-hover\">&nbsp;<\/td>\n\t\t\t\t\t\t\t<\/tr>\n\t\t\t\t\t\t\t\t\t\t\t\t\t\t\t\t\t\t\t\t\t\t\t\t<tr>\n\t\t\t\t\t\t\t\t<td class=\"compare-value-hover\">&nbsp;<\/td>\n\t\t\t\t\t\t\t<\/tr>\n\t\t\t\t\t\t\t\t\t\t\t\t\t\t\t\t\t\t\t\t\t\t\t\t<tr>\n\t\t\t\t\t\t\t\t<td class=\"compare-value-hover\">&nbsp;<\/td>\n\t\t\t\t\t\t\t<\/tr>\n\t\t\t\t\t\t\t\t\t\t\t\t\t\t\t\t\t\t\t\t\t\t\t\t<tr>\n\t\t\t\t\t\t\t\t<td class=\"compare-value-hover\">&nbsp;<\/td>\n\t\t\t\t\t\t\t<\/tr>\n\t\t\t\t\t\t\t\t\t\t\t\t\t\t\t\t\t\t\t\t\t\t\t\t<tr>\n\t\t\t\t\t\t\t\t<td class=\"compare-value-hover\">&nbsp;<\/td>\n\t\t\t\t\t\t\t<\/tr>\n\t\t\t\t\t\t\t\t\t\t\t\t\t\t\t\t\t\t\t\t\t\t\t\t<tr>\n\t\t\t\t\t\t\t\t<td class=\"compare-value-hover\">&nbsp;<\/td>\n\t\t\t\t\t\t\t<\/tr>\n\t\t\t\t\t\t\t\t\t\t\t\t\t\t\t\t\t\t\t\t\t\t\t\t<tr>\n\t\t\t\t\t\t\t\t<td class=\"compare-value-hover\">&nbsp;<\/td>\n\t\t\t\t\t\t\t<\/tr>\n\t\t\t\t\t\t\t\t\t\t\t\t\t\t\t\t\t\t\t\t\t\t\t\t<tr>\n\t\t\t\t\t\t\t\t<td class=\"compare-value-hover\">&nbsp;<\/td>\n\t\t\t\t\t\t\t<\/tr>\n\t\t\t\t\t\t\t\t\t\t\t\t\t\t\t<\/table>\n\t\t\t<\/div>\n\t\t<\/div>\n\t<\/div>\n\n<script>\n\tjQuery(document).ready(function ($) {\n\n\t\tvar heigth = 0;\n\t\t$('.compare-values table tbody tr td').each(function () {\n\t\t\theigth = $(this).height();\n\n\t\t\t$('.' + $(this).attr('data-value')).each(function () {\n\t\t\t\tif ($(this).height() > heigth || heigth > 0) {\n\t\t\t\t\theigth = $(this).height() + 18;\n\t\t\t\t\t$('.' + $(this).attr('data-value')).css('height', heigth + 'px');\n\t\t\t\t}\n\t\t\t});\n\t\t});\n\n\t\t$('.compare-value-hover').on('hover', function () {\n\t\t\tvar dataValue = $(this).data('value');\n\t\t\t$('.compare-value-hover[data-value = ' + dataValue + ']').addClass('hovered');\n\t\t}, function () {\n\t\t\t$('.compare-value-hover').removeClass('hovered');\n\t\t})\n\t})\n<\/script>\n\n","protected":false},"excerpt":{"rendered":"Comparar veh\u00edculos A\u00f1adir coche para comparar A\u00f1adir coche para comparar A\u00f1adir coche para comparar Condici\u00f3n Tipo Marca Modelo Kil\u00f3metro Combustible Motor A\u00f1o Transmisi\u00f3n Color &nbsp; &nbsp; &nbsp; &nbsp; &nbsp; &nbsp; &nbsp; &nbsp; &nbsp; &nbsp; &nbsp; &nbsp; &nbsp; &nbsp; &nbsp; &nbsp; &nbsp; &nbsp; &nbsp; &nbsp; &nbsp; &nbsp; &nbsp; &nbsp; &nbsp; &nbsp; &nbsp; &nbsp; &nbsp; &nbsp; A\u00f1adir...","protected":false},"author":1,"featured_media":0,"parent":0,"menu_order":0,"comment_status":"closed","ping_status":"closed","template":"","meta":{"inline_featured_image":false,"footnotes":""},"class_list":["post-5101","page","type-page","status-publish","hentry"],"_links":{"self":[{"href":"https:\/\/mhautomotores.com.ar\/index.php?rest_route=\/wp\/v2\/pages\/5101","targetHints":{"allow":["GET"]}}],"collection":[{"href":"https:\/\/mhautomotores.com.ar\/index.php?rest_route=\/wp\/v2\/pages"}],"about":[{"href":"https:\/\/mhautomotores.com.ar\/index.php?rest_route=\/wp\/v2\/types\/page"}],"author":[{"embeddable":true,"href":"https:\/\/mhautomotores.com.ar\/index.php?rest_route=\/wp\/v2\/users\/1"}],"replies":[{"embeddable":true,"href":"https:\/\/mhautomotores.com.ar\/index.php?rest_route=%2Fwp%2Fv2%2Fcomments&post=5101"}],"version-history":[{"count":0,"href":"https:\/\/mhautomotores.com.ar\/index.php?rest_route=\/wp\/v2\/pages\/5101\/revisions"}],"wp:attachment":[{"href":"https:\/\/mhautomotores.com.ar\/index.php?rest_route=%2Fwp%2Fv2%2Fmedia&parent=5101"}],"curies":[{"name":"wp","href":"https:\/\/api.w.org\/{rel}","templated":true}]}}