{"id":12,"date":"2016-02-05T04:55:35","date_gmt":"2016-02-05T07:55:35","guid":{"rendered":"http:\/\/motors-demo.loc\/dealer_two\/?page_id=12"},"modified":"2022-11-18T15:16:03","modified_gmt":"2022-11-18T18:16:03","slug":"inicio","status":"publish","type":"page","link":"https:\/\/mhautomotores.com.ar\/","title":{"rendered":"Inicio"},"content":{"rendered":"<div class=\"wpb-content-wrapper\"><p>[vc_row full_width=&#8221;stretch_row&#8221; stm_fullwidth=&#8221;yes&#8221; css=&#8221;.vc_custom_1668778065801{padding-top: 200px !important;padding-bottom: 200px !important;background-image: url(https:\/\/mhautomotores.com.ar\/wp-content\/uploads\/2022\/10\/WhatsApp-Image-2022-10-18-at-7.21.41-PM-1.jpeg?id=3915) !important;}&#8221; el_class=&#8221;hero&#8221;][vc_column el_class=&#8221;stm-banner-fullwidth&#8221;][vc_column_text]<\/p>\n<h1>APASIONADOS POR LOS FIERROS<\/h1>\n<h3>Somos Luciano y Esteban Mart\u00ednez. Los invitamos a conocernos.<\/h3>\n<p>[\/vc_column_text][vc_btn title=&#8221;SOBRE NOSOTROS&#8221; style=&#8221;flat&#8221; shape=&#8221;square&#8221; color=&#8221;inverse&#8221; i_icon_fontawesome=&#8221;fas fa-long-arrow-alt-right&#8221; add_icon=&#8221;true&#8221; link=&#8221;url:https%3A%2F%2Fmhautomotores.com.ar%2Fnosotros%2F|title:Nosotros&#8221;][\/vc_column][\/vc_row][vc_row full_width=&#8221;stretch_row&#8221; content_placement=&#8221;middle&#8221; css=&#8221;.vc_custom_1668777913330{padding-top: 20px !important;background-color: #ffffff !important;}&#8221;][vc_column css=&#8221;.vc_custom_1666389266664{background-color: #ffffff !important;}&#8221;][stm_icon_filter filter_selected=&#8221;make&#8221; per_row=&#8221;6&#8243; align=&#8221;center&#8221; duration=&#8221;VER TODOS&#8221;][\/stm_icon_filter][\/vc_column][\/vc_row][vc_row full_width=&#8221;stretch_row&#8221; css=&#8221;.vc_custom_1524051811780{padding-top: 74px !important;padding-bottom: 17px !important;background-color: #ffffff !important;}&#8221;][vc_column][vc_column_text css=&#8221;.vc_custom_1668795091107{margin-bottom: 19px !important;}&#8221;]<\/p>\n<h2 style=\"text-align: center;\">Mir\u00e1 lo que entr\u00f3 <span style=\"color: #ec691d;\">PARA VOS<\/span><\/h2>\n<p>[\/vc_column_text][vc_column_text]<\/p>\n<p style=\"text-align: center;\"><span style=\"color: #232628;\">Conoc\u00e9 nuestros veh\u00edculos disponibles.<\/span><\/p>\n<p>[\/vc_column_text][vc_basic_grid post_type=&#8221;listings&#8221; max_items=&#8221;8&#8243; element_width=&#8221;3&#8243; gap=&#8221;20&#8243; item=&#8221;3994&#8243; grid_id=&#8221;vc_gid:1668795100725-84886133-c4dc-2&#8243;][\/vc_column][\/vc_row][vc_row full_width=&#8221;stretch_row&#8221; parallax=&#8221;content-moving&#8221; parallax_image=&#8221;3768&#8243; css=&#8221;.vc_custom_1668777867643{padding-top: 63px !important;padding-bottom: 75px !important;background-image: url(https:\/\/mhautomotores.com.ar\/wp-content\/uploads\/2022\/11\/Feed-2.png?id=4168) !important;}&#8221;][vc_column width=&#8221;1\/2&#8243;][stm_icon_box icon=&#8221;stm-icon-car_search&#8221; link=&#8221;url:https%3A%2F%2Fmhautomotores.com.ar%2Fvehiculos%2F|title:Inventory&#8221; css=&#8221;.vc_custom_1668778578629{background-position: center !important;background-repeat: no-repeat !important;background-size: cover !important;}&#8221; box_bg_color=&#8221;rgba(255,255,255,0.9)&#8221; box_text_color=&#8221;#000000&#8243; title=&#8221;\u00bfQu\u00e9 auto est\u00e1s buscando?&#8221; icon_size=&#8221;52&#8243; btn_text=&#8221;VER CAT\u00c1LOGO COMPLETO&#8221; icon_color=&#8221;#373c3f&#8221; btn_color=&#8221;#e37740&#8243; btn_hover_color=&#8221;#000000&#8243;]<span style=\"font-size: 16px; line-height: 30px;\">Encontr\u00e1 el auto que est\u00e1s buscando. Contamos con unidades tanto en nuestra agencia como de terceros.<\/span>[\/stm_icon_box][\/vc_column][vc_column width=&#8221;1\/2&#8243;][stm_icon_box icon=&#8221;stm-icon-car_sale&#8221; box_bg_color=&#8221;#000000&#8243; box_text_color=&#8221;#ffffff&#8221; link=&#8221;url:https%3A%2F%2Fwa.me%2F543454111617&#8243; title=&#8221;\u00bfQuer\u00e9s vender tu auto?&#8221; icon_size=&#8221;52&#8243; btn_text=&#8221;CONTACTATE CON NOSOTROS&#8221; icon_color=&#8221;#ffffff&#8221; btn_color=&#8221;#e37740&#8243; btn_hover_color=&#8221;#000000&#8243;]<span style=\"font-size: 16px; line-height: 30px;\">Comunicate con nosotros por WhatsApp y contact\u00e9monos para cerrar el mejor acuerdo para vos.<\/span>[\/stm_icon_box][\/vc_column][\/vc_row][vc_row full_width=&#8221;stretch_row_content_no_spaces&#8221;][vc_column][vc_column_text]<\/p>\n<p style=\"text-align: center;\">[instagram feed=&#8221;4240&#8243;]<\/p>\n<p>[\/vc_column_text][\/vc_column][\/vc_row]<\/p>\n<\/div>","protected":false},"excerpt":{"rendered":"<p>[vc_row full_width=&#8221;stretch_row&#8221; stm_fullwidth=&#8221;yes&#8221; css=&#8221;.vc_custom_1668778065801{padding-top: 200px !important;padding-bottom: 200px !important;background-image: url(https:\/\/mhautomotores.com.ar\/wp-content\/uploads\/2022\/10\/WhatsApp-Image-2022-10-18-at-7.21.41-PM-1.jpeg?id=3915) !important;}&#8221; el_class=&#8221;hero&#8221;][vc_column el_class=&#8221;stm-banner-fullwidth&#8221;][vc_column_text] APASIONADOS POR LOS FIERROS Somos Luciano y Esteban Mart\u00ednez. Los invitamos a conocernos. [\/vc_column_text][vc_btn title=&#8221;SOBRE NOSOTROS&#8221; style=&#8221;flat&#8221; shape=&#8221;square&#8221; color=&#8221;inverse&#8221; i_icon_fontawesome=&#8221;fas fa-long-arrow-alt-right&#8221; add_icon=&#8221;true&#8221; link=&#8221;url:https%3A%2F%2Fmhautomotores.com.ar%2Fnosotros%2F|title:Nosotros&#8221;][\/vc_column][\/vc_row][vc_row full_width=&#8221;stretch_row&#8221; content_placement=&#8221;middle&#8221; css=&#8221;.vc_custom_1668777913330{padding-top: 20px !important;background-color: #ffffff !important;}&#8221;][vc_column css=&#8221;.vc_custom_1666389266664{background-color: #ffffff !important;}&#8221;][stm_icon_filter filter_selected=&#8221;make&#8221; per_row=&#8221;6&#8243; align=&#8221;center&#8221; duration=&#8221;VER TODOS&#8221;][\/stm_icon_filter][\/vc_column][\/vc_row][vc_row full_width=&#8221;stretch_row&#8221; css=&#8221;.vc_custom_1524051811780{padding-top: 74px !important;padding-bottom: 17px&#8230;<\/p>\n","protected":false},"author":1,"featured_media":0,"parent":0,"menu_order":0,"comment_status":"closed","ping_status":"closed","template":"","meta":{"inline_featured_image":false,"footnotes":""},"class_list":["post-12","page","type-page","status-publish","hentry"],"_links":{"self":[{"href":"https:\/\/mhautomotores.com.ar\/index.php?rest_route=\/wp\/v2\/pages\/12","targetHints":{"allow":["GET"]}}],"collection":[{"href":"https:\/\/mhautomotores.com.ar\/index.php?rest_route=\/wp\/v2\/pages"}],"about":[{"href":"https:\/\/mhautomotores.com.ar\/index.php?rest_route=\/wp\/v2\/types\/page"}],"author":[{"embeddable":true,"href":"https:\/\/mhautomotores.com.ar\/index.php?rest_route=\/wp\/v2\/users\/1"}],"replies":[{"embeddable":true,"href":"https:\/\/mhautomotores.com.ar\/index.php?rest_route=%2Fwp%2Fv2%2Fcomments&post=12"}],"version-history":[{"count":43,"href":"https:\/\/mhautomotores.com.ar\/index.php?rest_route=\/wp\/v2\/pages\/12\/revisions"}],"predecessor-version":[{"id":4242,"href":"https:\/\/mhautomotores.com.ar\/index.php?rest_route=\/wp\/v2\/pages\/12\/revisions\/4242"}],"wp:attachment":[{"href":"https:\/\/mhautomotores.com.ar\/index.php?rest_route=%2Fwp%2Fv2%2Fmedia&parent=12"}],"curies":[{"name":"wp","href":"https:\/\/api.w.org\/{rel}","templated":true}]}}